{"id":770,"date":"2015-04-02T21:31:16","date_gmt":"2015-04-02T21:31:16","guid":{"rendered":"http:\/\/buildme.freevision.me\/?page_id=770"},"modified":"2021-06-24T11:14:54","modified_gmt":"2021-06-24T11:14:54","slug":"kontakt","status":"publish","type":"page","link":"https:\/\/euroizgradnja.ba\/en\/kontakt\/","title":{"rendered":"Contact"},"content":{"rendered":"<div class=\"vc_row wpb_row vc_row-fluid vc_custom_1415633298779 ozy-custom-full-row ozy-row-zero-space\"><div class=\"parallax-wrapper\"><div class=\"wpb_column vc_column_container vc_col-sm-12\"><div class=\"vc_column-inner\"><div class=\"wpb_wrapper\"><div class=\"wpb_gmaps_widget wpb_content_element\"><div class=\"wpb_wrapper\"><div class=\"wpb_map_wraper\"><iframe src=\"https:\/\/www.google.com\/maps\/embed?pb=!1m18!1m12!1m3!1d2872.9097098525563!2d18.078805015777437!3d43.94054224181978!2m3!1f0!2f0!3f0!3m2!1i1024!2i768!4f13.1!3m3!1m2!1s0x475f3a0c89b7642f%3A0x9bb80fd67854e9ab!2sEuro-Izgradnja!5e0!3m2!1sen!2sba!4v1624533231961!5m2!1sen!2sba\" width=\"600\" height=\"450\" style=\"border:0;\" allowfullscreen=\"\" loading=\"lazy\"><\/iframe><\/div><\/div><\/div><\/div><\/div><\/div><\/div><\/div><div class=\"vc_row wpb_row vc_row-fluid vc_custom_1428012793956\"><div class=\"parallax-wrapper\"><div class=\"wpb_column vc_column_container vc_col-sm-4\"><div class=\"vc_column-inner\"><div class=\"wpb_wrapper\">\n\t<div class=\"wpb_text_column wpb_content_element  vc_custom_1624518892612\" >\n\t\t<div class=\"wpb_wrapper\">\n\t\t\t<h4>CONTACT INFORMATION<\/h4>\n\n\t\t<\/div>\n\t<\/div>\n<div class=\"header-line\" style=\"background-color:#dfdfdf\"><span style=\"height:1px;background-color:#ffc000\"><\/span><\/div>\n\t<div class=\"wpb_text_column wpb_content_element  vc_custom_1624518958375\" >\n\t\t<div class=\"wpb_wrapper\">\n\t\t\t<p>You can contact us or visit at our office from Monday to Saturday from 7:00 \u2013 16:00<\/p>\n\n\t\t<\/div>\n\t<\/div>\n<div class=\"vc_separator wpb_content_element vc_el_width_100 vc_sep_color_grey\">\r\n\t<span class=\"vc_sep_holder vc_sep_holder_l\"><span class=\"vc_sep_line\"><\/span><\/span>\r\n\t\t<span class=\"vc_sep_holder vc_sep_holder_r\"><span class=\"vc_sep_line\"><\/span><\/span>\r\n<\/div>\r\n\n<div class=\"vc_row wpb_row vc_inner vc_row-fluid vc_custom_1428011585354\"><div class=\"parallax-wrapper\"><div class=\"wpb_column vc_column_container vc_col-sm-2\"><div class=\"vc_column-inner\"><div class=\"wpb_wrapper\"><div class=\"vc_icon_element vc_icon_element-outer vc_icon_element-align-left vc_icon_element-have-style\"><div class=\"vc_icon_element-inner vc_icon_element-color-black vc_icon_element-have-style-inner vc_icon_element-size-md vc_icon_element-style-rounded-less-outline vc_icon_element-outline vc_icon_element-background-color-grey\" ><span class=\"vc_icon_element-icon fa fa-map-marker\" ><\/span><\/div><\/div><\/div><\/div><\/div><div class=\"wpb_column vc_column_container vc_col-sm-10\"><div class=\"vc_column-inner\"><div class=\"wpb_wrapper\">\n\t<div class=\"wpb_text_column wpb_content_element  vc_custom_1624518971137\" >\n\t\t<div class=\"wpb_wrapper\">\n\t\t\t<p>Josipa Bana Jela\u010di\u0107a b.b. 71250 Kiseljak<\/p>\n\n\t\t<\/div>\n\t<\/div>\n<\/div><\/div><\/div><\/div><\/div><div class=\"vc_separator wpb_content_element vc_el_width_100 vc_sep_color_grey\">\r\n\t<span class=\"vc_sep_holder vc_sep_holder_l\"><span class=\"vc_sep_line\"><\/span><\/span>\r\n\t\t<span class=\"vc_sep_holder vc_sep_holder_r\"><span class=\"vc_sep_line\"><\/span><\/span>\r\n<\/div>\r\n\n<div class=\"vc_row wpb_row vc_inner vc_row-fluid vc_custom_1428011615346\"><div class=\"parallax-wrapper\"><div class=\"wpb_column vc_column_container vc_col-sm-2\"><div class=\"vc_column-inner\"><div class=\"wpb_wrapper\"><div class=\"vc_icon_element vc_icon_element-outer vc_icon_element-align-left vc_icon_element-have-style\"><div class=\"vc_icon_element-inner vc_icon_element-color-black vc_icon_element-have-style-inner vc_icon_element-size-md vc_icon_element-style-rounded-less-outline vc_icon_element-outline vc_icon_element-background-color-grey\" ><span class=\"vc_icon_element-icon fa fa-phone\" ><\/span><\/div><\/div><\/div><\/div><\/div><div class=\"wpb_column vc_column_container vc_col-sm-10\"><div class=\"vc_column-inner\"><div class=\"wpb_wrapper\">\n\t<div class=\"wpb_text_column wpb_content_element  vc_custom_1624519102259\" >\n\t\t<div class=\"wpb_wrapper\">\n\t\t\t<p><strong>Tel:<\/strong> +387 30 877 700<\/p>\n<p><strong>Fax:<\/strong> +387 30 877 255<\/p>\n\n\t\t<\/div>\n\t<\/div>\n<\/div><\/div><\/div><\/div><\/div><div class=\"vc_separator wpb_content_element vc_el_width_100 vc_sep_color_grey\">\r\n\t<span class=\"vc_sep_holder vc_sep_holder_l\"><span class=\"vc_sep_line\"><\/span><\/span>\r\n\t\t<span class=\"vc_sep_holder vc_sep_holder_r\"><span class=\"vc_sep_line\"><\/span><\/span>\r\n<\/div>\r\n\n<div class=\"vc_row wpb_row vc_inner vc_row-fluid vc_custom_1428011625041\"><div class=\"parallax-wrapper\"><div class=\"wpb_column vc_column_container vc_col-sm-2\"><div class=\"vc_column-inner\"><div class=\"wpb_wrapper\"><div class=\"vc_icon_element vc_icon_element-outer vc_icon_element-align-left vc_icon_element-have-style\"><div class=\"vc_icon_element-inner vc_icon_element-color-black vc_icon_element-have-style-inner vc_icon_element-size-md vc_icon_element-style-rounded-less-outline vc_icon_element-outline vc_icon_element-background-color-grey\" ><span class=\"vc_icon_element-icon fa fa-envelope-square\" ><\/span><\/div><\/div><\/div><\/div><\/div><div class=\"wpb_column vc_column_container vc_col-sm-10\"><div class=\"vc_column-inner\"><div class=\"wpb_wrapper\">\n\t<div class=\"wpb_text_column wpb_content_element  vc_custom_1624518992410\" >\n\t\t<div class=\"wpb_wrapper\">\n\t\t\t<p><a href=\"mailto:info@euroizgradnja.ba\">info@euroizgradnja.ba<\/a><\/p>\n\n\t\t<\/div>\n\t<\/div>\n<\/div><\/div><\/div><\/div><\/div><\/div><\/div><\/div><div class=\"wpb_column vc_column_container vc_col-sm-8\"><div class=\"vc_column-inner\"><div class=\"wpb_wrapper\">[contact-form-7 id=&#8221;1465&#8221;]<\/div><\/div><\/div><\/div><\/div>","protected":false},"excerpt":{"rendered":"KONTAKT INFORMACIJE Mo\u017eete nas kontaktirati ili posjetiti u na\u0161oj kancelariji od ponedjeljka do subote od 7:00 - 16:00 Josipa Bana Jela\u010di\u0107a b.b. 71250 Kiseljak Tel: +387 30 877 700 Fax: [...]","protected":false},"author":1,"featured_media":0,"parent":0,"menu_order":0,"comment_status":"open","ping_status":"closed","template":"","meta":{"footnotes":""},"class_list":["post-770","page","type-page","status-publish","hentry"],"_links":{"self":[{"href":"https:\/\/euroizgradnja.ba\/en\/wp-json\/wp\/v2\/pages\/770","targetHints":{"allow":["GET"]}}],"collection":[{"href":"https:\/\/euroizgradnja.ba\/en\/wp-json\/wp\/v2\/pages"}],"about":[{"href":"https:\/\/euroizgradnja.ba\/en\/wp-json\/wp\/v2\/types\/page"}],"author":[{"embeddable":true,"href":"https:\/\/euroizgradnja.ba\/en\/wp-json\/wp\/v2\/users\/1"}],"replies":[{"embeddable":true,"href":"https:\/\/euroizgradnja.ba\/en\/wp-json\/wp\/v2\/comments?post=770"}],"version-history":[{"count":9,"href":"https:\/\/euroizgradnja.ba\/en\/wp-json\/wp\/v2\/pages\/770\/revisions"}],"predecessor-version":[{"id":1581,"href":"https:\/\/euroizgradnja.ba\/en\/wp-json\/wp\/v2\/pages\/770\/revisions\/1581"}],"wp:attachment":[{"href":"https:\/\/euroizgradnja.ba\/en\/wp-json\/wp\/v2\/media?parent=770"}],"curies":[{"name":"wp","href":"https:\/\/api.w.org\/{rel}","templated":true}]}}