{"id":232,"date":"2015-03-31T08:09:54","date_gmt":"2015-03-31T08:09:54","guid":{"rendered":"http:\/\/buildme.freevision.me\/?page_id=232"},"modified":"2021-06-25T12:20:23","modified_gmt":"2021-06-25T12:20:23","slug":"o-nama","status":"publish","type":"page","link":"https:\/\/euroizgradnja.ba\/en\/o-nama\/","title":{"rendered":"About Us"},"content":{"rendered":"<div class=\"vc_row wpb_row vc_row-fluid vc_custom_1624451888362 ozy-crfclr-6777\" data-bgscroll=\"h,-1\"><div class=\"parallax-wrapper\"><div class=\"wpb_column vc_column_container vc_col-sm-12\"><div class=\"vc_column-inner\"><div class=\"wpb_wrapper\"><h2 style=\"font-size: 70px;color: #ffffff;line-height: 74px;text-align: center;font-family:Old Standard TT;font-weight:400;font-style:normal\" class=\"vc_custom_heading vc_custom_1624451335436\" >A tradition of quality since 2000 year.<\/h2>\n\t<div class=\"wpb_text_column wpb_content_element  vc_custom_1624451384992\" >\n\t\t<div class=\"wpb_wrapper\">\n\t\t\t<p style=\"text-align: center;\">\"Euro Izgradnja\" based in Kiseljak was founded in 2000. year of private capital. The main activity of the company is building construction, civil engineering, hydro construction, including other construction craft work as well as the production of construction materials and concrete products.<\/p>\n\n\t\t<\/div>\n\t<\/div>\n<div class=\"vc_row wpb_row vc_inner vc_row-fluid vc_custom_1427789839592\"><div class=\"parallax-wrapper\"><div class=\"wpb_column vc_column_container vc_col-sm-4\"><div class=\"vc_column-inner\"><div class=\"wpb_wrapper\"><span id=\"ozy_icon_6023\" class=\"ozy-icon  wpb_content_element align-center xxlarge clean icon oic-flaticon5-WorldGlobe\" style=\";color:#ffffff\" ><\/span><div class=\"ozy-counter wpb_content_element\" style=\"color:#ffffff\"><div class=\"timer\" data-sign=\"\" data-signpos=\"right\" data-from=\"0\" data-to=\"3\">0<\/div><div class=\"hr\" style=\"background-color:#ffffff\"><\/div><span>STATE<\/span><\/div><\/div><\/div><\/div><div class=\"wpb_column vc_column_container vc_col-sm-4\"><div class=\"vc_column-inner\"><div class=\"wpb_wrapper\"><span id=\"ozy_icon_8751\" class=\"ozy-icon  wpb_content_element align-center xxlarge clean icon oic-flaticon5-Users\" style=\";color:#ffffff\" ><\/span><div class=\"ozy-counter wpb_content_element\" style=\"color:#ffffff\"><div class=\"timer\" data-sign=\"\" data-signpos=\"right\" data-from=\"0\" data-to=\"500\">0<\/div><div class=\"hr\" style=\"background-color:#ffffff\"><\/div><span>EMPLOYEES<\/span><\/div><\/div><\/div><\/div><div class=\"wpb_column vc_column_container vc_col-sm-4\"><div class=\"vc_column-inner\"><div class=\"wpb_wrapper\"><span id=\"ozy_icon_7179\" class=\"ozy-icon  wpb_content_element align-center xxlarge clean icon oic-flaticon5-Cup\" style=\";color:#ffffff\" ><\/span><div class=\"ozy-counter wpb_content_element\" style=\"color:#ffffff\"><div class=\"timer\" data-sign=\"+\" data-signpos=\"right\" data-from=\"0\" data-to=\"265\">0<\/div><div class=\"hr\" style=\"background-color:#ffffff\"><\/div><span>FINISHED PROJECTS<\/span><\/div><\/div><\/div><\/div><\/div><\/div><\/div><\/div><\/div><\/div><\/div><div class=\"vc_row wpb_row vc_row-fluid vc_custom_1427812741380\"><div class=\"parallax-wrapper\"><div class=\"wpb_column vc_column_container vc_col-sm-12\"><div class=\"vc_column-inner\"><div class=\"wpb_wrapper\"><h2 class=\"ozy-divider-cap-left wpb_content_element\">ABOUT US<\/h2><div class=\"ozy-content-divider\" style=\"border-top-style:solid;border-top-width:2px;border-top-color:#ffd200;width:40px;max-width:40px;float:left;\"><\/div>\n\t<div class=\"wpb_text_column wpb_content_element  vc_custom_1624516602225\" >\n\t\t<div class=\"wpb_wrapper\">\n\t\t\t<p>Successfully in business for many years, behind the us&#039;s vast experience in the field of construction us with a very professional and a professional team you rep a list of the facilities that we have successfully built the ranks in a leading company in the field of construction. In order to maintain and secure our position as the leading company in the field of construction a couple of years ago in our we&#039;re doing business introduced a quality management system and protection system at work that is in accordance with the international standards of ISO 9001-2000 and ISO 18001. Our pastoral care and mission is monitoring and the adoption of new technologies and materials as well as continuous education and training of our staff and employees. We have najsuvremeniji own engineering and fleet, machinery and all the other construction civil engineering. We are aware that we&#039;re just so organized and designed, ready to accept and successfully build all of the new projects from the field of stanogradnje and in the field of hydro construction to the satisfaction of investors, us as performers, the wider community and to all homebuyers that builds a &#034;Euro Construction of the&#034; d.about.about. Our reference list is successfully constructed buildings najslikovitije talking about us and it&#039;s with pride we emphasize.<\/p>\n\n\t\t<\/div>\n\t<\/div>\n<\/div><\/div><\/div><\/div><\/div><div class=\"vc_row wpb_row vc_row-fluid vc_custom_1414616349744\"><div class=\"parallax-wrapper\"><div class=\"wpb_column vc_column_container vc_col-sm-6\"><div class=\"vc_column-inner\"><div class=\"wpb_wrapper\">\n\t<div  class=\"wpb_single_image wpb_content_element vc_align_center\">\n\t\t\n\t\t<figure class=\"wpb_wrapper vc_figure\">\n\t\t\t<div class=\"vc_single_image-wrapper   vc_box_border_grey\"><img loading=\"lazy\" decoding=\"async\" width=\"612\" height=\"408\" src=\"https:\/\/euroizgradnja.ba\/wp-content\/uploads\/2021\/06\/observation-urban-building-business-steel-removebg-preview.png\" class=\"vc_single_image-img attachment-full\" alt=\"\" srcset=\"https:\/\/euroizgradnja.ba\/wp-content\/uploads\/2021\/06\/observation-urban-building-business-steel-removebg-preview.png 612w, https:\/\/euroizgradnja.ba\/wp-content\/uploads\/2021\/06\/observation-urban-building-business-steel-removebg-preview-300x200.png 300w\" sizes=\"auto, (max-width: 612px) 100vw, 612px\" \/><\/div>\n\t\t<\/figure>\n\t<\/div>\n<\/div><\/div><\/div><div class=\"wpb_column vc_column_container vc_col-sm-6\"><div class=\"vc_column-inner\"><div class=\"wpb_wrapper\">\n\t<div class=\"wpb_text_column wpb_content_element\" >\n\t\t<div class=\"wpb_wrapper\">\n\t\t\t<h2>Knowledge, expertise, good people and co-operation. We are doing the impossible possible.<\/h2>\n\n\t\t<\/div>\n\t<\/div>\n<div class=\"vc_separator wpb_content_element vc_el_width_100 vc_sep_color_grey\">\r\n\t<span class=\"vc_sep_holder vc_sep_holder_l\"><span class=\"vc_sep_line\"><\/span><\/span>\r\n\t\t<span class=\"vc_sep_holder vc_sep_holder_r\"><span class=\"vc_sep_line\"><\/span><\/span>\r\n<\/div>\r\n\n\n\t<div class=\"wpb_text_column wpb_content_element  vc_custom_1624623612776\" >\n\t\t<div class=\"wpb_wrapper\">\n\t\t\t<p>With the vast experience and excellent results, we set it as the ideal solution for all residential and commercial development projects. Our realized projects speak about our capabilities, knowledge and skills. Follow us years of experience, professional employees and complete mechanization need for quality execution of works, and the business philosophy agenda is based on the quality and savjesnom performing the works.<\/p>\n\n\t\t<\/div>\n\t<\/div>\n<\/div><\/div><\/div><\/div><\/div><div class=\"vc_row wpb_row vc_row-fluid vc_custom_1427812732814\"><div class=\"parallax-wrapper\"><div class=\"wpb_column vc_column_container vc_col-sm-4\"><div class=\"vc_column-inner\"><div class=\"wpb_wrapper\">\n\t<div  class=\"wpb_single_image wpb_content_element vc_align_center  vc_custom_1624518088779\">\n\t\t\n\t\t<figure class=\"wpb_wrapper vc_figure\">\n\t\t\t<div class=\"vc_single_image-wrapper vc_box_rounded  vc_box_border_grey\"><img loading=\"lazy\" decoding=\"async\" width=\"1024\" height=\"683\" src=\"https:\/\/euroizgradnja.ba\/wp-content\/uploads\/2021\/06\/uprava.jpg\" class=\"vc_single_image-img attachment-full\" alt=\"\" srcset=\"https:\/\/euroizgradnja.ba\/wp-content\/uploads\/2021\/06\/uprava.jpg 1024w, https:\/\/euroizgradnja.ba\/wp-content\/uploads\/2021\/06\/uprava-300x200.jpg 300w, https:\/\/euroizgradnja.ba\/wp-content\/uploads\/2021\/06\/uprava-768x512.jpg 768w\" sizes=\"auto, (max-width: 1024px) 100vw, 1024px\" \/><\/div>\n\t\t<\/figure>\n\t<\/div>\n\n\t<div class=\"wpb_text_column wpb_content_element  vc_custom_1624517093219\" >\n\t\t<div class=\"wpb_wrapper\">\n\t\t\t<h5>ABOUT US<\/h5>\n<p>\"Euro Izgradnja\" based in Kiseljak was founded in 2000. year of private capital. The main activity of the company is building construction, civil engineering, hydro construction, including other construction craft work as well as the production of construction materials and concrete products.<\/p>\n\n\t\t<\/div>\n\t<\/div>\n<\/div><\/div><\/div><div class=\"wpb_column vc_column_container vc_col-sm-4\"><div class=\"vc_column-inner\"><div class=\"wpb_wrapper\">\n\t<div  class=\"wpb_single_image wpb_content_element vc_align_center  vc_custom_1624518110602\">\n\t\t\n\t\t<figure class=\"wpb_wrapper vc_figure\">\n\t\t\t<div class=\"vc_single_image-wrapper vc_box_rounded  vc_box_border_grey\"><img loading=\"lazy\" decoding=\"async\" width=\"1024\" height=\"683\" src=\"https:\/\/euroizgradnja.ba\/wp-content\/uploads\/2021\/06\/usluge_f.jpg\" class=\"vc_single_image-img attachment-full\" alt=\"\" srcset=\"https:\/\/euroizgradnja.ba\/wp-content\/uploads\/2021\/06\/usluge_f.jpg 1024w, https:\/\/euroizgradnja.ba\/wp-content\/uploads\/2021\/06\/usluge_f-300x200.jpg 300w, https:\/\/euroizgradnja.ba\/wp-content\/uploads\/2021\/06\/usluge_f-768x512.jpg 768w\" sizes=\"auto, (max-width: 1024px) 100vw, 1024px\" \/><\/div>\n\t\t<\/figure>\n\t<\/div>\n\n\t<div class=\"wpb_text_column wpb_content_element  vc_custom_1624517113980\" >\n\t\t<div class=\"wpb_wrapper\">\n\t\t\t<h5>SERVICES<\/h5>\n<p>\"Tibra Pacific\" d.about.about. Kiseljak and \"Euro Construction of the\" d.about.about. Kiseljak more than successful for a number of years working in the field of design and construction of residential and commercial buildings. \"Euro Construction of the\" d.about.about. Kiseljak with all your capacity builds all the buildings and the works in which the investor \"Tibra Pacific\".<\/p>\n\n\t\t<\/div>\n\t<\/div>\n<\/div><\/div><\/div><div class=\"wpb_column vc_column_container vc_col-sm-4\"><div class=\"vc_column-inner\"><div class=\"wpb_wrapper\">\n\t<div  class=\"wpb_single_image wpb_content_element vc_align_center  vc_custom_1624518144119\">\n\t\t\n\t\t<figure class=\"wpb_wrapper vc_figure\">\n\t\t\t<div class=\"vc_single_image-wrapper vc_box_rounded  vc_box_border_grey\"><img loading=\"lazy\" decoding=\"async\" width=\"1024\" height=\"683\" src=\"https:\/\/euroizgradnja.ba\/wp-content\/uploads\/2021\/06\/construction-team2.jpg\" class=\"vc_single_image-img attachment-full\" alt=\"\" srcset=\"https:\/\/euroizgradnja.ba\/wp-content\/uploads\/2021\/06\/construction-team2.jpg 1024w, https:\/\/euroizgradnja.ba\/wp-content\/uploads\/2021\/06\/construction-team2-300x200.jpg 300w, https:\/\/euroizgradnja.ba\/wp-content\/uploads\/2021\/06\/construction-team2-768x512.jpg 768w\" sizes=\"auto, (max-width: 1024px) 100vw, 1024px\" \/><\/div>\n\t\t<\/figure>\n\t<\/div>\n\n\t<div class=\"wpb_text_column wpb_content_element  vc_custom_1624517142259\" >\n\t\t<div class=\"wpb_wrapper\">\n\t\t\t<h5>BE PART OF OUR TEAM<\/h5>\n<p>The backbone of the Euroizgradnja are our employees. We recognized the importance of our employees who contribute to the overall success and professional activities of our company. Our goal is to hire quality, professional, responsible and reliable people who will as an integral part of our company's every...<\/p>\n\n\t\t<\/div>\n\t<\/div>\n<\/div><\/div><\/div><\/div><\/div><div class=\"vc_row wpb_row vc_row-fluid\"><div class=\"parallax-wrapper\"><div class=\"wpb_column vc_column_container vc_col-sm-12\"><div class=\"vc_column-inner\"><div class=\"wpb_wrapper\"><div class=\"vc_separator wpb_content_element vc_el_width_100 vc_sep_color_grey\">\r\n\t<span class=\"vc_sep_holder vc_sep_holder_l\"><span class=\"vc_sep_line\"><\/span><\/span>\r\n\t\t<span class=\"vc_sep_holder vc_sep_holder_r\"><span class=\"vc_sep_line\"><\/span><\/span>\r\n<\/div>\r\n\n<\/div><\/div><\/div><\/div><\/div><div class=\"vc_row wpb_row vc_row-fluid vc_custom_1427874488441\"><div class=\"parallax-wrapper\"><div class=\"wpb_column vc_column_container vc_col-sm-8\"><div class=\"vc_column-inner\"><div class=\"wpb_wrapper\"><h3 class=\"ozy-divider-cap-left wpb_content_element\">THE VALUE OF OUR COMPANY<\/h3><div class=\"ozy-content-divider\" style=\"border-top-style:solid;border-top-width:2px;border-top-color:#ffd200;width:40px;max-width:40px;float:left;\"><\/div><div style=\"height:30px\" class=\"ozy-spacer\"><\/div>\n\t<div class=\"wpb_tabs wpb_content_element\" data-interval=\"3\">\n\t\t<div class=\"wpb_wrapper wpb_tour_tabs_wrapper ui-tabs vc_clearfix\">\n\t\t\t<ul class=\"wpb_tabs_nav ui-tabs-nav vc_clearfix\"><li><a href=\"#tab-1414616520-1-10\">Security<\/a><\/li><li><a href=\"#tab-1414616651223-2-1\">Trust<\/a><\/li><li><a href=\"#tab-1414616654214-3-6\">Quality<\/a><\/li><li><a href=\"#tab-1414616655438-4-5\">Pleasure<\/a><\/li><\/ul>\n\t<div id=\"tab-1414616520-1-10\" class=\"wpb_tab ui-tabs-panel wpb_ui-tabs-hide vc_clearfix\">\n\t\t\n\t<div class=\"wpb_text_column wpb_content_element\" >\n\t\t<div class=\"wpb_wrapper\">\n\t\t\t<p>Our company, safety is at first place, our team of experts to daily analysis and testing concerned about the level of security at a high level.<\/p>\n\n\t\t<\/div>\n\t<\/div>\n\n\t<\/div>\n\n\t<div id=\"tab-1414616651223-2-1\" class=\"wpb_tab ui-tabs-panel wpb_ui-tabs-hide vc_clearfix\">\n\t\t\n\t<div class=\"wpb_text_column wpb_content_element\" >\n\t\t<div class=\"wpb_wrapper\">\n\t\t\t<p>Our clients and business associates trust us, we won their trust on the basis of our work, dedication and results.<\/p>\n\n\t\t<\/div>\n\t<\/div>\n\n\t<\/div>\n\n\t<div id=\"tab-1414616654214-3-6\" class=\"wpb_tab ui-tabs-panel wpb_ui-tabs-hide vc_clearfix\">\n\t\t\n\t<div class=\"wpb_text_column wpb_content_element\" >\n\t\t<div class=\"wpb_wrapper\">\n\t\t\t<p>Production quality is what our company strives during its existence, a large number of finished projects testify to the quality of our preparation.<\/p>\n\n\t\t<\/div>\n\t<\/div>\n\n\t<\/div>\n\n\t<div id=\"tab-1414616655438-4-5\" class=\"wpb_tab ui-tabs-panel wpb_ui-tabs-hide vc_clearfix\">\n\t\t\n\t<div class=\"wpb_text_column wpb_content_element\" >\n\t\t<div class=\"wpb_wrapper\">\n\t\t\t<p>The satisfaction of our customers and associates, gives us satisfaction, therefore we try to our every client to be satisfied.<\/p>\n\n\t\t<\/div>\n\t<\/div>\n\n\t<\/div>\n\n\t\t<\/div>\n\t<\/div>\n<\/div><\/div><\/div><div class=\"wpb_column vc_column_container vc_col-sm-4\"><div class=\"vc_column-inner\"><div class=\"wpb_wrapper\"><div class=\"ozy-owlcarousel ozy-testimonials wpb_content_element\" data-autoplay=\"true\" data-items=\"1\" data-singleitem=\"true\" data-slidespeed=\"400\" data-paginationspeed=\"800\" data-autoheight=\"false\">\n<div style=\"\"><div class=\"testimonial\">Euro-Building is one of the best performers with whom we cooperate.<\/div><div class=\"info\"><div class=\"thumb\"><span><img decoding=\"async\" src=\"https:\/\/euroizgradnja.ba\/wp-content\/uploads\/2015\/03\/testimonials1.jpg\" alt=\"Marija S\"\/><\/span><\/div><div class=\"itext\"><strong>Maria S<\/strong><br\/><small>DNS \/ CEO<\/small><\/div><\/div><\/div><div style=\"\"><div class=\"testimonial\">Thank you that you took us through the process of construction, were friendly, understandable and always willing to accommodate our needs.<\/div><div class=\"info\"><div class=\"thumb\"><span><img decoding=\"async\" src=\"https:\/\/euroizgradnja.ba\/wp-content\/uploads\/2015\/03\/testimonials2.jpg\" alt=\"Jasmin K\"\/><\/span><\/div><div class=\"itext\"><strong>Jasmin K<\/strong><br\/><small>Tiber Pacific \/ CTO<\/small><\/div><\/div><\/div><div style=\"\"><div class=\"testimonial\">Euro Construction has really been a collaborative partner; working with us on isplativom, efficient and high-quality construction product.<\/div><div class=\"info\"><div class=\"thumb\"><span><img decoding=\"async\" src=\"https:\/\/euroizgradnja.ba\/wp-content\/uploads\/2015\/03\/testimonials3.jpg\" alt=\"Anesa L\"\/><\/span><\/div><div class=\"itext\"><strong>Anesa L<\/strong><br\/><small>B TEAM \/ Management<\/small><\/div><\/div><\/div>\n<\/div><\/div><\/div><\/div><\/div><\/div>","protected":false},"excerpt":{"rendered":"Tradicija kvalitete od 2000 godine. \u201eEuro Izgradnja\u201c d.o.o. sa sjedi\u0161tem u Kiseljaku osnovana je 2000. godine privatnim kapitalom. Osnovna djelatnost firme je visokogradnja, niskogradnja, hidro gradnja, uklju\u010duju\u0107i i ostale gra\u0111evinsko [...]","protected":false},"author":1,"featured_media":0,"parent":0,"menu_order":0,"comment_status":"open","ping_status":"closed","template":"","meta":{"footnotes":""},"class_list":["post-232","page","type-page","status-publish","hentry"],"_links":{"self":[{"href":"https:\/\/euroizgradnja.ba\/en\/wp-json\/wp\/v2\/pages\/232","targetHints":{"allow":["GET"]}}],"collection":[{"href":"https:\/\/euroizgradnja.ba\/en\/wp-json\/wp\/v2\/pages"}],"about":[{"href":"https:\/\/euroizgradnja.ba\/en\/wp-json\/wp\/v2\/types\/page"}],"author":[{"embeddable":true,"href":"https:\/\/euroizgradnja.ba\/en\/wp-json\/wp\/v2\/users\/1"}],"replies":[{"embeddable":true,"href":"https:\/\/euroizgradnja.ba\/en\/wp-json\/wp\/v2\/comments?post=232"}],"version-history":[{"count":24,"href":"https:\/\/euroizgradnja.ba\/en\/wp-json\/wp\/v2\/pages\/232\/revisions"}],"predecessor-version":[{"id":1606,"href":"https:\/\/euroizgradnja.ba\/en\/wp-json\/wp\/v2\/pages\/232\/revisions\/1606"}],"wp:attachment":[{"href":"https:\/\/euroizgradnja.ba\/en\/wp-json\/wp\/v2\/media?parent=232"}],"curies":[{"name":"wp","href":"https:\/\/api.w.org\/{rel}","templated":true}]}}